{"id":8,"date":"2012-12-26T20:37:57","date_gmt":"2012-12-26T18:37:57","guid":{"rendered":"http:\/\/new.oammr-mh.ro\/?page_id=8"},"modified":"2012-12-27T22:25:35","modified_gmt":"2012-12-27T20:25:35","slug":"despre","status":"publish","type":"page","link":"https:\/\/www.oammr-mh.ro\/?page_id=8","title":{"rendered":"Despre"},"content":{"rendered":"<p>Despre O.A.M.G.M.A.M.R.<\/p>\n<p>Ordinul Asisten\u0163ilor Medicali Generalisti, Moaselor si Asistentilor Medicali din Rom\u00e2nia (OAMGMAMR) este organiza\u0163ia profesional\u0103 nonguvernamental\u0103, apolitic\u0103, de drept public, care regrupeaz\u0103 asisten\u0163i medicali din Rom\u00e2nia autoriza\u0163i s\u0103 practice profesiunea de asistent medical.<\/p>\n<p>Profesiunea de asistent de farmacie se asimileaz\u0103 profesiunii de asistent medical.<\/p>\n<p>OAMGMAMR i\u015fi desf\u0103\u015foar\u0103 activitatea \u00een baza principiului eligibilit\u0103\u0163ii \u015fi egalit\u0103\u0163ii \u00een drepturi a tuturor membrilor s\u0103i \u015fi al respectului drepturilor pacientului.<\/p>\n<p>Ordinul Asisten\u0163ilor Medicali Generalisti, Moaselor si Asistentilor Medicali din Rom\u00e2nia are ca obiectiv oferirea de garan\u0163ii pentru societatea civil\u0103 si pentru stat, \u00een leg\u0103tur\u0103 cu practicarea, la un \u00eenalt nivel profesional, a profesiei de asistent medical.<\/p>\n<p>Ordinul Asisten\u0163ilor Medicali Generalisti, Moaselor si Asistentilor Medicali din Rom\u00e2nia are rolul de a supraveghea exercitarea profesiei de asistent medical \u00een sistem public sau privat, cu respectarea Codului de etic\u0103 \u015fi deontologie profesional\u0103 a asisten\u0163ilor medicali \u015fi a normelor \u015fi standardelor profesionale.<\/p>\n<p>OAMGMAMR reprezint\u0103 interesele profesionale ale asisten\u0163ilor medicali din Rom\u00e2nia \u00een rela\u0163iile cu autorit\u0103\u0163ile \u015fi institu\u0163iile guvernamentale \u015fi neguvernamentale, interne \u015fi interna\u0163ionale.<\/p>\n<p>OAMGMAMR ac\u0163ioneaz\u0103 \u00een permanen\u0163\u0103 pentru ap\u0103rarea intereselor profesionale \u015fi militeaz\u0103 pentru ridicarea prestigiului profesional al asisten\u0163ilor medicali si moaselor din Rom\u00e2nia. OAMGMAMR are autonomie institu\u0163ional\u0103 \u015fi i\u015fi exercit\u0103 atribu\u0163iile f\u0103r\u0103 posibilitatea vreunei imixtiuni extraprofesionale.<\/p>\n<p>Ordinul Asisten\u0163ilor Medicali Generalisti, Moaselor si Asistentilor Medicali din Rom\u00e2nia colaboreaz\u0103 cu organiza\u0163iile sindicale \u015fi profesionale reprezentative din domeniu, precum \u015fi cu alte organiza\u0163ii sindicale, profesionale, civile, etc.<\/p>\n<p>Ordinul Asisten\u0163ilor Medicali Generalisti, Moaselor si Asistentilor Medicali din Rom\u00e2nia filiala Mehedinti include peste 1500 de membri si este reprezentantul asisten\u0163ilor medicali si moaselor din \u00eentreg jude\u0163ul \u00een rela\u0163iile cu autorit\u0103\u0163ile \u015fi institu\u0163iile guvernamentale \u015fi neguvernamentale, interne \u015fi interna\u0163ionale. Ordinul Asisten\u0163ilor Medicali Generalisti, Moaselor si Asistentilor Medicali din Rom\u00e2nia filiala Mehedinti poate colabora cu organiza\u0163ii similare din alte \u0163\u0103ri.<\/p>\n<p>Ordinul Asisten\u0163ilor Medicali Generalisti, Moaselor si Asistentilor Medicali din Rom\u00e2nia filiala Mehedinti se organizeaz\u0103 \u015fi func\u0163ioneaz\u0103 \u00een baza ORDONAN\u0162EI DE URGEN\u0162\u0102 Nr. 144 din 28 octombrie 2008 , privind exercitarea profesiei de asistent medical generalist, a profesiei de moa\u015f\u0103 \u015fi a profesiei de asistent medical, precum \u015fi organizarea \u015fi func\u0163ionarea Ordinului Asisten\u0163ilor Medicali Generali\u015fti, Moa\u015felor \u015fi Asisten\u0163ilor Medicali din Rom\u00e2nia, ca persoan\u0103 juridic\u0103 de drept public.<\/p>\n<p>Sediul OAMGMAMR filiala Mehedinti este \u00een Municipiul Dr.Tr.Severin, Bld.Mihai Viteazu nr.4, bl.2,sc. ap.8 Ca organiza\u0163ie profesional\u0103 Ordinul Asisten\u0163ilor Medicali Generalisti, Moaselor si Asistentilor Medicali din Rom\u00e2nia filiala Mehedinti ap\u0103r\u0103 demnitatea \u015fi promoveaz\u0103 drepturile \u015fi interesele membrilor s\u0103i. De asemenea, ap\u0103r\u0103 onoarea profesional\u0103 a asisten\u0163ilor medicali, precum \u015fi respectarea de c\u0103tre ace\u015ftia, a obliga\u0163iilor ce le au fa\u0163\u0103 de pacien\u0163i \u015fi de s\u0103n\u0103tatea public\u0103.<\/p>\n<p>Ordinul Asisten\u0163ilor Medicali Generalisti, Moaselor si Asistentilor Medicali din Rom\u00e2nia filiala Mehedinti ac\u0163ioneaz\u0103 prin toate mijloacele legale pentru dezvoltarea profesiei de asistent medical \u015fi pentru ridicarea permanent\u0103 a prestigiului acesteia.<\/p>\n","protected":false},"excerpt":{"rendered":"<p>Despre O.A.M.G.M.A.M.R. Ordinul Asisten\u0163ilor Medicali Generalisti, Moaselor si Asistentilor Medicali din Rom\u00e2nia (OAMGMAMR) este organiza\u0163ia profesional\u0103 nonguvernamental\u0103, apolitic\u0103, de drept public, care regrupeaz\u0103 asisten\u0163i medicali din Rom\u00e2nia autoriza\u0163i s\u0103 practice profesiunea de asistent medical. Profesiunea de asistent de farmacie se &hellip; <a href=\"https:\/\/www.oammr-mh.ro\/?page_id=8\">Continu\u0103 s\u0103 cite\u0219ti <span class=\"meta-nav\">&rarr;<\/span><\/a><\/p>\n","protected":false},"author":1,"featured_media":0,"parent":0,"menu_order":0,"comment_status":"closed","ping_status":"closed","template":"","meta":{"footnotes":""},"class_list":["post-8","page","type-page","status-publish","hentry"],"_links":{"self":[{"href":"https:\/\/www.oammr-mh.ro\/index.php?rest_route=\/wp\/v2\/pages\/8","targetHints":{"allow":["GET"]}}],"collection":[{"href":"https:\/\/www.oammr-mh.ro\/index.php?rest_route=\/wp\/v2\/pages"}],"about":[{"href":"https:\/\/www.oammr-mh.ro\/index.php?rest_route=\/wp\/v2\/types\/page"}],"author":[{"embeddable":true,"href":"https:\/\/www.oammr-mh.ro\/index.php?rest_route=\/wp\/v2\/users\/1"}],"replies":[{"embeddable":true,"href":"https:\/\/www.oammr-mh.ro\/index.php?rest_route=%2Fwp%2Fv2%2Fcomments&post=8"}],"version-history":[{"count":1,"href":"https:\/\/www.oammr-mh.ro\/index.php?rest_route=\/wp\/v2\/pages\/8\/revisions"}],"predecessor-version":[{"id":83,"href":"https:\/\/www.oammr-mh.ro\/index.php?rest_route=\/wp\/v2\/pages\/8\/revisions\/83"}],"wp:attachment":[{"href":"https:\/\/www.oammr-mh.ro\/index.php?rest_route=%2Fwp%2Fv2%2Fmedia&parent=8"}],"curies":[{"name":"wp","href":"https:\/\/api.w.org\/{rel}","templated":true}]}}