{"id":65,"date":"2012-12-27T11:15:57","date_gmt":"2012-12-27T09:15:57","guid":{"rendered":"http:\/\/new.oammr-mh.ro\/?page_id=65"},"modified":"2013-01-15T15:01:50","modified_gmt":"2013-01-15T13:01:50","slug":"carte-de-vizita","status":"publish","type":"page","link":"https:\/\/www.oammr-mh.ro\/?page_id=65","title":{"rendered":"Carte de vizita"},"content":{"rendered":"<p>\u00cen 1994, Colegiul Asisten\u0163ilor Medicali din Rom\u00e2nia a avut ini\u0163iativa elabor\u0103rii unei legi a asisten\u0163ilor medicali din Rom\u00e2nia, document inexistent p\u00e2n\u0103 la acea ora \u00een legisla\u0163ia rom\u00e2neasca. OAMR a \u00eentocmit \u015fi prezentat Ministerului S\u0103n\u0103t\u0103\u0163ii proiectul unei asemenea legi, iar dupa 7 ani, aceasta a fost aprobat\u0103 de ambele camere ale Parlamentului, ca Legea 461\/2001. \u00cen acela\u015fi timp, titulatura organiza\u0163iei a fost modificat\u0103 din Colegiul Asisten\u0163ilor Medicali din Rom\u00e2nia \u00een Ordinul Asisten\u0163ilor Medicali din Rom\u00e2nia. Legea nr.461 s-a intitulat &#8222;Legea privind exercitarea profesiei de asistent medical, \u00eenfiin\u0163area, organizarea \u015fi func\u0163ionarea Ordinului Asisten\u0163ilor Medicali din Rom\u00e2nia&#8221;.<\/p>\n<p>\u00cenceperea negocierilor privind aderarea Rom\u00e2niei la Uniunea European\u0103 a impus \u00eensa alinierea legisla\u0163iei rom\u00e2nesti la cea european\u0103 \u00een toate domeniile de activitate, inclusiv \u00een privin\u0163a legislatiei care reglementeaz\u0103 activitatea asisten\u0163ilor medicali \u015fi a moa\u015felor din Rom\u00e2nia.<\/p>\n<p>Aceast\u0103 cerin\u0163\u0103 a determinat modificarea Legii 461\/2001, dup\u0103 norme europene. Pentru ca acest deziderat s\u0103 fie atins, pe parcursul anilor 2002-2003, reprezentan\u0163ii OAMR au participat la 5 sesiuni de lucru \u00een cadrul Grupului Phare Ro, format din exper\u0163i europeni, reprezentan\u0163i ai Ministerului S\u0103n\u0103t\u0103\u0163ii, Ministerului Educa\u0163iei, etc. Grupul a avut \u00een vedere alc\u0103tuirea curriculei pentru preg\u0103tirea asisten\u0163ilor generali\u015fti \u015fi a moa\u015felor, astfel \u00eenc\u00e2t nivelul de preg\u0103tire profesional\u0103 a asisten\u0163ilor din Rom\u00e2nia s\u0103 corespund\u0103 cerin\u0163elor din statele Uniunii Europene. De asemenea, a avut \u00een vedere preg\u0103tirea procedurii de autorizare a asisten\u0163ilor generali\u015fti \u015fi a moa\u015felor. Cele dou\u0103 proiecte constituie punctul de plecare pentru alc\u0103tuirea procedurii privind recunoa\u015fterea, \u00een \u0163\u0103rile Uniunii Europene, a diplomelor de studii \u015fi a calific\u0103rilor profesionale pentru asisten\u0163ii generali\u015fti \u015fi moa\u015fele din Rom\u00e2nia.<\/p>\n<p>Ini\u0163ial, grupul de lucru a inten\u0163ionat s\u0103 aduc\u0103 doar \u00eembun\u0103t\u0103\u0163iri Legii 461\/2001, dar modific\u0103rile necesare alinierii legisla\u0163iei rom\u00e2ne\u015fti \u00een domeniu cu cea european\u0103 au fost at\u00e2t de numeroase \u015fi semnificative, \u00eenc\u00e2t au determinat practic elaborarea unei noi legi.<\/p>\n<p>Proiectul de lege a fost elaborat \u00een cadrul Grupului PHARE Ro a fost adoptat de Parlamentul Rom\u00e2niei \u00een 30 iunie 2004 ca Legea 307\/2004, privind exercitarea profesiei de asistent medical \u015fi moa\u015f\u0103, precum \u015fi organizarea \u015fi func\u0163ionarea Ordinului Asisten\u0163ilor Medicali \u015fi Moa\u015felor din Rom\u00e2nia.<\/p>\n<p>Cea mai \u201evizibil\u0103\u201d modificare adus\u0103 Legii 461\/2001 a pornit chiar de la titulatura organiza\u0163iei profesionale reprezentative a asisten\u0163ilor medicali. Ordinul Asisten\u0163ilor Medicali din Rom\u00e2nia a devenit Ordinul Asisten\u0163ilor Medicali \u015fi Moa\u015felor din Rom\u00e2nia (OAMMR).<\/p>\n<p>Una dintre cele mai importante reglement\u0103ri prev\u0103zute \u00een Legea 307\/2004 se refer\u0103 la autonomia profesiei de asistent medical \u015fi moa\u015f\u0103. Capitolul I, Art. 11, (3) stabile\u015fte c\u0103 \u201eAsisten\u0163ii medicali \u015fi moa\u015fele care \u00eentrunesc condi\u0163iile prev\u0103zute la art.1 \u015fi sunt stabili\u0163i \u00een Rom\u00e2nia \u00ee\u015fi pot desf\u0103\u015fura activitatea \u015fi ca titulari sau asocia\u0163i ai cabinetelor de practic\u0103 independent\u0103 de asistent medical \u015fi respectiv moa\u015f\u0103\u201d.<\/p>\n<p>Prin Legea 307\/2004 preg\u0103tirea continu\u0103 a asisten\u0163ilor medicali \u015fi a moa\u015felor nu mai este o op\u0163iune personal\u0103. Art. 45, lit. i), alin. 2 d\u0103 dreptul OAMMR de a acorda credite numai membrilor care urmeaz\u0103 cursuri de preg\u0103tire \u015fi alte forme de educa\u0163ie avizate de organiza\u0163ie. \u00cen alin. 2) se precizeaz\u0103, mai mult, c\u0103 \u201casisten\u0163ii medicali \u015fi moa\u015fele sunt obliga\u0163i s\u0103 efectueze cursuri de preg\u0103tire \u015fi alte forme de educa\u0163ie continu\u0103 creditate\u201d. Alin. 3) precizeaz\u0103 c\u0103 OAMMR poate suspenda dreptul de liber\u0103 practic\u0103 asisten\u0163ilor medicali \u015fi moa\u015felor care nu realizeaz\u0103 pe parcursul a 3 ani calendaristici num\u0103rul minim de de credite stabilite de organiza\u0163ie.<\/p>\n<p>Astfel, OAMMR devine singura organiza\u0163ie profesional\u0103 din Rom\u00e2nia cu dreptul de a acorda credite pentru formele de preg\u0103tire continu\u0103 a asisten\u0163ilor medicali \u015fi moa\u015felor (cursuri de perfec\u0163ionare, etc.) demarate de organiza\u0163ie sau de alte institu\u0163ii, care solicit\u0103 acest lucru. Asisten\u0163ii medicali \u015fi moa\u015fele care urmeaz\u0103 programe de educa\u0163ie neavizate de OAMMR nu pot solicita credite.<\/p>\n<p>Pentru ob\u0163inerea acestor credite, OAMMR a ini\u0163iat \u015fi demarat de la sf\u00e2r\u015fitul anului 2003 Programul Na\u0163ional de Educa\u0163ie Medical\u0103 Continu\u0103 care reglementeaz\u0103 manifest\u0103rile \u015ftiin\u0163ifice pentru care se acord\u0103 credite, precum \u015fi modalitatea de creditare. Num\u0103rul minim de credite poate fi ob\u0163inut prin participarea la cursuri de educa\u0163ie medical\u0103 continu\u0103, la manifest\u0103ri \u015ftiin\u0163ifice, prin abonamente sau apari\u0163ii \u00een publica\u0163ii de specialitate.<\/p>\n<p>Astfel, ora de curs (de instruire, perfec\u0163ionare, competen\u0163\u0103, specializ\u0103ri, formare formatori) valoareaz\u0103 0,5 credite. Un participant la cursuri va primi credite \u00een func\u0163ie de num\u0103rul de ore efective teoretice de educa\u0163ie medical\u0103 continu\u0103. De exemplu, un asistent medical care ia parte la un curs cu 20 de ore de preg\u0103tire va acumula 10 credite.<\/p>\n<p>Vor primi credite \u015fi asisten\u0163ii medicali care urmeaz\u0103 cursuri sus\u0163inute de organisme interna\u0163ionale, \u00een func\u0163ie de num\u0103rul de ore de EMC conferit de organizator.<\/p>\n<p>Asisten\u0163ii medicali mai pot acumula credite \u015fi din participarea la manifest\u0103ri \u015ftiin\u0163ifice. Acestea sunt creditate \u00een func\u0163ie de durata efectiv\u0103. Pentru cele organizate la nivel local \u015fi regional se acord\u0103 c\u00e2te 0,75 credite pentru fiecare or\u0103. Pentru cele organizate la nivel na\u0163ional se acord\u0103 c\u00e2te 1 credit\/or\u0103. Asisten\u0163ii medicali care prezint\u0103 \u015fi lucr\u0103ri, vor primi \u00eenc\u0103 jumatate din num\u0103rul total de credite acordat manifest\u0103rii \u015ftiin\u0163ifice. De exemplu, un simpozion organizat la nivel na\u0163ional, cu durata de 40 ore, va primi 40 de credite. Participan\u0163ii care asist\u0103 la \u00eentreaga manifestare vor aduna 40 de credite, iar dac\u0103 prezint\u0103 \u015fi lucrare, vor mai primi \u00eenc\u0103 20 de credite. Dac\u0103 asistentul este prezent doar la 10 ore, va primi 10 credite, etc.<\/p>\n<p>Cursurile de perfec\u0163ionare \u015fi manifest\u0103rile \u015ftiin\u0163ifice organizate de filialele OAMMR sunt creditate de Comisia de Educa\u0163ie Medical\u0103 Continu\u0103 a OAMMR, cu avizul Biroului Executiv al OAMMR.<\/p>\n<p>Participan\u0163ii la cursuri de perfec\u0163ionare \u015fi la manifest\u0103rile \u015ftiin\u0163ifice vor primi certificate\/adeverin\u0163e care vor men\u0163iona num\u0103rul de credite ob\u0163inut de asistentul medical. Documentele sunt editate \u015fi \u00eenseriate de Comisia Na\u0163ional\u0103 de Educa\u0163ie Medical\u0103 Continu\u0103 a OAMMR.<\/p>\n<p>Credite pot fi ob\u0163inute \u015fi din abonamente la publica\u0163ii medicale, apari\u0163ii \u00een publica\u0163ii de specialitate.<\/p>\n<p>Legea 307\/2004 sus\u0163ine preg\u0103tirea asisten\u0163ilor medicali generali\u015fti, a moa\u015felor \u015fi a asisten\u0163ilor medicali de alte specialit\u0103\u0163i prin \u00eenv\u0103\u0163\u0103m\u00e2nt de scurt\u0103 \u015fi lung\u0103 durat\u0103, dar men\u0163ine \u015fi \u00eenv\u0103\u0163\u0103m\u00e2ntul postliceal sanitar cu durata de 3 ani (Art.19). Art. 20 precizeaz\u0103 \u00eens\u0103 ca asisten\u0163ii medicali care se \u00eenscriu la colegii universitare, facult\u0103\u0163i de asisten\u0163i medicali sau moa\u015fe \u00ee\u015fi pot echivala studiile efectuate \u00een \u00eenv\u0103\u0163\u0103m\u00e2ntul postliceal.<\/p>\n<p>Legea 307\/2004 prevede drepturi \u015fi obliga\u0163ii \u015fi pentru organismul profesional reprezentativ al asisten\u0163ilor medicali \u015fi moa\u015felor din Rom\u00e2nia. Acesta are un rolul principal \u00een asigurarea cre\u015fterii calit\u0103\u0163ii preg\u0103tirii profesionale a asisten\u0163ilor medicali \u015fi a moa\u015felor. Ordinul Asisten\u0163ilor Medicali \u015fi Moa\u015felor din Rom\u00e2nia \u201eorganizeaz\u0103 forme de educa\u0163ie medical\u0103 continu\u0103 \u015fi de ridicare a gradului de competen\u0163\u0103 profesional\u0103 a asisten\u0163ilor medicali \u015fi a moa\u015felor\u201d(Art.42, lit.c)).<\/p>\n<p>Printre atribu\u0163iile Ordinului Asisten\u0163ilor Medicali \u015fi Moa\u015felor din Rom\u00e2nia reglementate de 307\/2004 se num\u0103r\u0103 \u015fi colaborarea cu Ministerul S\u0103n\u0103t\u0103\u0163ii la elaborarea criteriilor \u015fi standardelor de dotare a cabinetelor de practic\u0103 independent\u0103 (Art.42, lit.n)) \u015fi colaborarea cu Ministerul S\u0103n\u0103t\u0103\u0163ii \u015fi Ministerul Educa\u0163iei la stabilirea num\u0103rului anual de locuri \u00een institu\u0163iile de \u00eenv\u0103\u0163\u0103m\u00e2nt acreditate pentru asisten\u0163i medicali \u015fi moa\u015fe &#8211; numerus clausus (Art.42, sect.2, lit. a). Ordinul Asisten\u0163ilor Medicali \u015fi Moa\u015felor din Rom\u00e2nia stabileste \u201e\u00een func\u0163ie de gradul riscului profesional, valoarea riscului asigurat \u00een cadrul asigur\u0103rilor de r\u0103spundere civil\u0103 pentru asisten\u0163ii medicali \u015fi moa\u015fe\u201d (Art.42, sect.1, lit.p)) \u015fi organizeaz\u0103 judecarea cazurilor de abateri de la normele de etic\u0103, deontologie \u015fi a cazurilor de malpraxis, \u00een calitate de organ de jurisdic\u0163ie profesional\u0103 (Art.42, lit.g)).<\/p>\n<p>Dup\u0103 apari\u0163ia Legii 307\/2004, OAMMR a modificat Codul de etic\u0103 \u015fi deontologie al asistentului medical \u015fi moa\u015fei (elaborat de OAMR \u00een 2001 pentru prima dat\u0103 \u00een istoria acestei profesii), Statutul organiza\u0163iei \u015fi Regulamentul de organizare \u015fi func\u0163ionare.<\/p>\n<p>Codul OAMMR face preciz\u0103ri referitoare la comportamentul etic \u015fi deontologic al moa\u015fei, preciz\u0103ri referitoare la exercitarea profesiei \u00een anumite specialit\u0103\u0163i, ca de exemplu pentru psihiatrie \u015fi tehnic\u0103 dentar\u0103 men\u0163ioneaz\u0103 care sunt situa\u0163iile \u00een care un membru OAMMR poate fi scos din culp\u0103 de\u015fi a \u00eenc\u0103lcat prevederile Codului. De asemenea, aduce detalii clare ale modului \u00een care se demareaz\u0103 \u015fi se deruleaz\u0103 anchetele \u00een cazul reclama\u0163iilor de culp\u0103 medical\u0103, impune reguli stricte referitoare la obliga\u0163iile morale \u015fi atitudinea membrilor OAMMR fa\u0163\u0103 de organiza\u0163ie \u015fi fa\u0163\u0103 de proprii colegi.<\/p>\n<p>Un capitol important este destinat \u015fi regulilor etice \u015fi deontologice pe care trebuie s\u0103 le respecte asisten\u0163ii medicali \u015fi moa\u015fele care vor lucra independent.<\/p>\n<p>De asemenea, avertizeaz\u0103 asupra necesit\u0103\u0163ii ca asistentul medical s\u0103 \u00ee\u015fi p\u0103streze independen\u0163a deciziilor profesionale fa\u0163\u0103 de autoritatea de stat, interese de alt gen, \u00een beneficiul pacientului.<\/p>\n<p>Statutul OAMMR face preciz\u0103ri \u00eencep\u00e2nd de la drepturile \u015fi obliga\u0163iile asisten\u0163ilor medicali \u015fi a moa\u015felor \u015fi p\u00e2n\u0103 la posibilit\u0103\u0163ile de schimbare din func\u0163ie a liderilor ale\u015fi.<\/p>\n<p>OAMMR devine organiza\u0163ie \u201ede interes public\u201d \u015fi beneficiaz\u0103 de \u201eautonomie institu\u0163ional\u0103\u201d. Organiza\u0163ia are rolul nu doar de supraveghere a exercit\u0103rii profesiei ci \u015fi de control \u00een cazul membrilor cu drept de liber\u0103 practic\u0103, asisten\u0163i medicali \u015fi moa\u015fe. Statutul OAMMR prevede \u00een mod explicit atribu\u0163iile pre\u015fedin\u0163ilor, vicepre\u015fedin\u0163ilor, secretarilor de filiale \u015fi ale celor ale\u015fi la nivel na\u0163ional.<\/p>\n<p>Biroul Executiv al OAMMR are atribu\u0163ii de la organizarea educa\u0163iei medicale continue \u015fi p\u00e2n\u0103 la desemnarea reprezentan\u0163ilor organiza\u0163iei \u00een Consiliile de Administra\u0163ie ale Caselor de Asigur\u0103ri, spitalelor, etc.<\/p>\n<p>Documentul stabile\u015fte \u015fi termenul de 30 de zile ca perioad\u0103 maxim\u0103 \u00een care Biroul Executiv \u015fi Birourile Consiliilor au obliga\u0163ia s\u0103 r\u0103spund\u0103 peti\u0163iilor \u015fi cererilor membrilor organiza\u0163iei.<\/p>\n<p>Statutul prevede c\u0103 membrii care au o activitate deosebit\u0103 \u00een organiza\u0163ie sau profesional\u0103 pot primi diverse distinc\u0163ii, pornind de la titluri onorifice \u015fi p\u00e2n\u0103 la premii \u015fi recompense. Au dreptul de a participa la programe de perfec\u0163ionare \u015fi preg\u0103tire \u015fi de a participa la ac\u0163iunile organizate. Asisten\u0163ii medicali \u015fi moa\u015fele vor primi certificate care s\u0103 ateste calitatea de membru OAMMR.<\/p>\n<p>\u00cen privin\u0163a obliga\u0163iilor ce revin membrilor OAMMR, documentul insist\u0103 \u00een mod special asupra comportamentului pro-organiza\u0163ie al asisten\u0163ilor medicali \u015fi al moa\u015felor. Acestora li se cere s\u0103 apere interesele \u015fi reputa\u0163ia profesiei \u015fi a OAMMR \u015fi s\u0103 se ab\u0163in\u0103 de la fapte menite a aduce prejudicii organiza\u0163iei<\/p>\n<p>Alte activit\u0103\u0163i ini\u0163iate sau \u00een care a fost implicat\u0103 organiza\u0163ia profesional\u0103 a asisten\u0163ilor medicali \u015fi moa\u015felor din Rom\u00e2nia:<\/p>\n<p>\u00cen 2001, Ordinul Asisten\u0163ilor Medicali din Rom\u00e2nia a \u00eentocmit \u015fi propus Ministerului S\u0103n\u0103t\u0103\u0163ii proiectul pentru \u00eenfiin\u0163area Registrului Unic Na\u0163ional al asisten\u0163ilor medicali. Ini\u0163iativa Ordinului Asisten\u0163ilor Medicali din Rom\u00e2nia a avut drept scop alc\u0103tuirea unei baze de date a tuturor asisten\u0163ilor medicali posesori ai autorizatiei de liber\u0103 practic\u0103, dup\u0103 modelul existent \u00een statele occidentale.<\/p>\n<p>Prin Ordinul 180\/2003 emis de Ministerul S\u0103n\u0103t\u0103\u0163ii, Ordinul Asisten\u0163ilor Medicali din Rom\u00e2nia este implicat direct \u00een eliberarea autoriza\u0163iei de practic\u0103 \u015fi libera practic\u0103 medical\u0103 pentru personalul medical.<\/p>\n<p>Din 2003, Ordinul Asisten\u0163ilor Medicali colaboreaz\u0103 cu Ministerul S\u0103n\u0103t\u0103\u0163ii la alc\u0103tuirea tematicii \u015fi a bibliografiei \u015fi la elaborarea subiectelor \u00een cazul examenelor pentru ob\u0163inerea gradelor profesionale. Ordinul Asisten\u0163ilor Medicali din Rom\u00e2nia a militat \u015fi a reu\u015fit s\u0103 impun\u0103 modificarea acestor documente, \u00een condi\u0163iile \u00een care nu fuseser\u0103 actualizate \u00een ultimii 20 de ani.<\/p>\n<p>Ordinul Asisten\u0163ilor Medicali \u015fi Moa\u015felor din Rom\u00e2nia are reprezentan\u0163i \u00een grupul coordonat de Organiza\u0163ia Mondial\u0103 a S\u0103n\u0103t\u0103\u0163ii \u015fi Ministerul S\u0103n\u0103t\u0103\u0163ii pentru implementarea Declara\u0163iei de la Munchen \u015fi particip\u0103 la implementarea proiectului la nivel na\u0163ional, elaborat dup\u0103 ce Rom\u00e2nia a devenit parte semnatar\u0103 a documentului.<\/p>\n<p>Ordinul Asisten\u0163ilor Medicali \u015fi Moa\u015felor din Rom\u00e2nia este reprezentat, conform proiectului Legii Spitalelor \u00een consiliile de administra\u0163ie ale unit\u0103\u0163ilor sanitare de pe teritoriul \u0163\u0103rii.<\/p>\n<p>Ordinul Asisten\u0163ilor Medicali \u015fi Moselor din Rom\u00e2nia are dreptul, conform Ordinului Ministerului Educa\u0163iei \u015fi Cercet\u0103rii \u015fi Ministerului Muncii \u015fi Protectiei Sociale nr.3176\/2002 \u015fi 137\/2002 s\u0103 participe, prin membri desemna\u0163i, la examenele de absolvire a cursurilor de preg\u0103tire postliceal\u0103 a asisten\u0163ilor medicali.<\/p>\n<p>Ordinul Asisten\u0163ilor Medicali \u015fi Moa\u015felor din Rom\u00e2nia este desemnat s\u0103 reprezinte aceast\u0103 categorie profesional\u0103 &#8222;\u00een rela\u0163iile cu organiza\u0163ii neguvernamentale \u015fi cu sindicate, pe plan na\u0163ional \u015fi interna\u0163ional&#8221;.<\/p>\n<p>Ordinul Asisten\u0163ilor Medicali \u015fi Moa\u015felor din Rom\u00e2nia are, din 2001 propria publicatie, revista trimestriala Ars medica, revist\u0103 care, din 2005 este editat\u0103 o dat\u0103 la dou\u0103 luni.<\/p>\n","protected":false},"excerpt":{"rendered":"<p>\u00cen 1994, Colegiul Asisten\u0163ilor Medicali din Rom\u00e2nia a avut ini\u0163iativa elabor\u0103rii unei legi a asisten\u0163ilor medicali din Rom\u00e2nia, document inexistent p\u00e2n\u0103 la acea ora \u00een legisla\u0163ia rom\u00e2neasca. OAMR a \u00eentocmit \u015fi prezentat Ministerului S\u0103n\u0103t\u0103\u0163ii proiectul unei asemenea legi, iar dupa &hellip; <a href=\"https:\/\/www.oammr-mh.ro\/?page_id=65\">Continu\u0103 s\u0103 cite\u0219ti <span class=\"meta-nav\">&rarr;<\/span><\/a><\/p>\n","protected":false},"author":1,"featured_media":0,"parent":0,"menu_order":0,"comment_status":"closed","ping_status":"closed","template":"","meta":{"footnotes":""},"class_list":["post-65","page","type-page","status-publish","hentry"],"_links":{"self":[{"href":"https:\/\/www.oammr-mh.ro\/index.php?rest_route=\/wp\/v2\/pages\/65","targetHints":{"allow":["GET"]}}],"collection":[{"href":"https:\/\/www.oammr-mh.ro\/index.php?rest_route=\/wp\/v2\/pages"}],"about":[{"href":"https:\/\/www.oammr-mh.ro\/index.php?rest_route=\/wp\/v2\/types\/page"}],"author":[{"embeddable":true,"href":"https:\/\/www.oammr-mh.ro\/index.php?rest_route=\/wp\/v2\/users\/1"}],"replies":[{"embeddable":true,"href":"https:\/\/www.oammr-mh.ro\/index.php?rest_route=%2Fwp%2Fv2%2Fcomments&post=65"}],"version-history":[{"count":3,"href":"https:\/\/www.oammr-mh.ro\/index.php?rest_route=\/wp\/v2\/pages\/65\/revisions"}],"predecessor-version":[{"id":118,"href":"https:\/\/www.oammr-mh.ro\/index.php?rest_route=\/wp\/v2\/pages\/65\/revisions\/118"}],"wp:attachment":[{"href":"https:\/\/www.oammr-mh.ro\/index.php?rest_route=%2Fwp%2Fv2%2Fmedia&parent=65"}],"curies":[{"name":"wp","href":"https:\/\/api.w.org\/{rel}","templated":true}]}}