{"id":646,"date":"2018-09-06T12:58:59","date_gmt":"2018-09-06T09:58:59","guid":{"rendered":"http:\/\/www.oammr-mh.ro\/?page_id=646"},"modified":"2023-05-09T12:22:31","modified_gmt":"2023-05-09T09:22:31","slug":"conferinta-internationala-singapore","status":"publish","type":"page","link":"https:\/\/www.oammr-mh.ro\/?page_id=646","title":{"rendered":"ZIUA INTERNATIONALA A ASISTENTULUI MEDICAL"},"content":{"rendered":"\n<p class=\"has-large-font-size\"><strong><mark style=\"background-color:rgba(0, 0, 0, 0)\" class=\"has-inline-color has-vivid-red-color\">12 MAI 2023<\/mark><\/strong><\/p>\n\n\n\n<p><a href=\"https:\/\/www.oammr-mh.ro\/wp-content\/uploads\/2023\/05\/Cover-facebook-website.jpg\">https:\/\/www.oammr-mh.ro\/wp-content\/uploads\/2023\/05\/Cover-facebook-website.jpg<\/a><\/p>\n\n\n\n<figure class=\"wp-block-image size-large is-resized\"><img loading=\"lazy\" decoding=\"async\" src=\"https:\/\/www.oammr-mh.ro\/wp-content\/uploads\/2023\/05\/image-1024x320.png\" alt=\"\" class=\"wp-image-1545\" width=\"811\" height=\"253\" srcset=\"https:\/\/www.oammr-mh.ro\/wp-content\/uploads\/2023\/05\/image-1024x320.png 1024w, https:\/\/www.oammr-mh.ro\/wp-content\/uploads\/2023\/05\/image-300x94.png 300w, https:\/\/www.oammr-mh.ro\/wp-content\/uploads\/2023\/05\/image-1536x480.png 1536w, https:\/\/www.oammr-mh.ro\/wp-content\/uploads\/2023\/05\/image.png 1920w\" sizes=\"auto, (max-width: 811px) 100vw, 811px\" \/><\/figure>\n\n\n<div class=\"wp-block-image\">\n<figure class=\"alignleft size-full is-resized\"><img loading=\"lazy\" decoding=\"async\" src=\"https:\/\/www.oammr-mh.ro\/wp-content\/uploads\/2023\/05\/image-3.png\" alt=\"\" class=\"wp-image-1552\" width=\"102\" height=\"102\"\/><\/figure>\n<\/div>\n\n\n<p><\/p>\n\n\n\n<p class=\"has-text-align-center\"><mark style=\"background-color:rgba(0, 0, 0, 0)\" class=\"has-inline-color has-blue-color\">ORDINUL ASISTEN\u021aILOR MEDICALI GENERALI\u0218TI \u00a0\u00a0MOA\u0218ELOR \u0218I         ASISTEN\u021aILOR MEDICALI \u00a0DIN ROM\u00c2NIA <\/mark><\/p>\n\n\n\n<p class=\"has-text-align-center\"><strong>FILIALA MEHEDIN\u021aI<\/strong><\/p>\n\n\n\n<div class=\"wp-block-group is-vertical is-layout-flex wp-container-core-group-is-layout-8cf370e7 wp-block-group-is-layout-flex\">\n<div class=\"wp-block-group is-vertical is-content-justification-center is-layout-flex wp-container-core-group-is-layout-4b2eccd6 wp-block-group-is-layout-flex\">\n<p class=\"has-text-align-center\">         Drobeta Turnu<strong>\u00a0 <\/strong>Severin\u00a0\u00a0 Bld.Mihai Viteazu nr.5,bl.4,sc.2,ap.8<\/p>\n\n\n\n<p>Tel\/fax: 0252\/316690, email: <a href=\"mailto:mh-secretariat@oamr.ro\">mh-secretariat@oamr.ro<\/a>&nbsp; Website:www.oammr-mh.ro<\/p>\n\n\n\n<p class=\"has-text-align-center\">   <\/p>\n<\/div>\n<\/div>\n\n\n\n<p class=\"has-text-align-center\"><strong>STIMA\u021aI COLEGI<\/strong><\/p>\n\n\n\n<p class=\"has-text-align-center\">AVEM PL\u0102CEREA S\u0102 V\u0102 INVIT\u0102M S\u0102 PARTICIPA\u021aI LA CONFERIN\u021aA ORGANIZAT\u0102 CU OCAZIA\u00a0\u00a0ZILELOR INTERNA\u021aIONALE ALE MOA\u0218ELOR \u0218I ASISTEN\u021aILOR MEDICALI <em><strong>2023\u00a0\u00a0<\/strong><\/em>\u00a0\u00a0\u00a0<\/p>\n\n\n\n<p class=\"has-text-align-center\">                                                                           CU TEMA:\u00a0\u00a0\u00a0\u00a0\u00a0\u00a0\u00a0\u00a0\u00a0\u00a0\u00a0\u00a0\u00a0\u00a0\u00a0\u00a0\u00a0\u00a0\u00a0\u00a0\u00a0\u00a0\u00a0\u00a0\u00a0\u00a0\u00a0\u00a0\u00a0\u00a0\u00a0\u00a0\u00a0\u00a0\u00a0\u00a0\u00a0\u00a0\u00a0\u00a0\u00a0\u00a0\u00a0\u00a0\u00a0\u00a0\u00a0\u00a0\u00a0\u00a0\u00a0\u00a0\u00a0\u00a0\u00a0\u00a0\u00a0 \u00a0\u00a0\u00a0\u00a0\u00a0\u00a0\u00a0\u00a0\u00a0\u00a0\u00a0\u00a0\u00a0\u00a0\u00a0\u00a0\u00a0\u00a0\u00a0\u00a0<\/p>\n\n\n\n<p class=\"has-text-align-center\">                                        <strong>ASISTEN\u021aII NO\u0218TRII, VIITORUL NOSTRU<\/strong><\/p>\n\n\n\n<p class=\"has-text-align-center\"><strong>CREDITAT CU 5 CREDITE E.M.C.<\/strong><\/p>\n\n\n\n<p class=\"has-text-align-center\"><strong>\u00a0CE SE VA DESF\u0102\u0218URA<\/strong> \u00a0<strong>VINERI 12 MAI 2023<\/strong>\u00a0\u00a0<strong>LA PALATUL CULTURII TEODOR COSTECU\u00a0 SALA VIRGIL OG\u0102\u0218ANU, BULEVARDUL CAROL I NR. 4, \u00a0\u00a0\u00a0\u00a0\u00a0\u00a0\u00a0\u00a0\u00ceNCEP\u00c2ND CU ORELE 13:00<\/strong> \u00a0\u00a0\u00a0\u00a0\u00a0\u00a0\u00a0\u00a0\u00a0\u00a0\u00a0<\/p>\n\n\n\n<p><strong>PROGRAM:<\/strong><\/p>\n\n\n\n<p>12 00 &#8211; 13 00 \u2013&nbsp; \u00ceNSCRIEREA PARTICIPAN\u021aILOR<\/p>\n\n\n\n<p>13 00 &#8211; 13 15 \u2013 CUV\u00c2NT DE DESCHIDERE<\/p>\n\n\n\n<p>13 15 \u2013 13 45 \u2013 CUV\u00c2NTUL INVITA\u021aILOR<\/p>\n\n\n\n<p>13 45 \u2013 15 00 \u2013 SESIUNE COMUNIC\u0102RI ORALE<\/p>\n\n\n\n<p>15 00 \u2013 15 30 \u2013 DISCU\u021aII \u0218I CONCLUZII<\/p>\n\n\n\n<p>VA INVIT\u0102M S\u0102 CELEBR\u0102M \u00ceMPREUN\u0102&nbsp; VALOAREA COLEGILOR NO\u0218TRI \u0218I A SATISFAC\u021aIILOR PE CARE ACEAST\u0102 PROFESIE LE OFER\u0102<\/p>\n\n\n\n<p><\/p>\n\n\n\n<p>_______________________________\/\/\/\/\/\/\/\/\/\/\/\/\/\/\/\/\/\/\/\/\/\/\/\/\/\/\/\/\/_____________<\/p>\n\n\n\n<p><\/p>\n\n\n\n<p><\/p>\n","protected":false},"excerpt":{"rendered":"<p>12 MAI 2023 https:\/\/www.oammr-mh.ro\/wp-content\/uploads\/2023\/05\/Cover-facebook-website.jpg ORDINUL ASISTEN\u021aILOR MEDICALI GENERALI\u0218TI \u00a0\u00a0MOA\u0218ELOR \u0218I ASISTEN\u021aILOR MEDICALI \u00a0DIN ROM\u00c2NIA FILIALA MEHEDIN\u021aI Drobeta Turnu\u00a0 Severin\u00a0\u00a0 Bld.Mihai Viteazu nr.5,bl.4,sc.2,ap.8 Tel\/fax: 0252\/316690, email: mh-secretariat@oamr.ro&nbsp; Website:www.oammr-mh.ro STIMA\u021aI COLEGI AVEM PL\u0102CEREA S\u0102 V\u0102 INVIT\u0102M S\u0102 PARTICIPA\u021aI LA CONFERIN\u021aA ORGANIZAT\u0102 CU &hellip; <a href=\"https:\/\/www.oammr-mh.ro\/?page_id=646\">Continu\u0103 s\u0103 cite\u0219ti <span class=\"meta-nav\">&rarr;<\/span><\/a><\/p>\n","protected":false},"author":1,"featured_media":0,"parent":0,"menu_order":0,"comment_status":"closed","ping_status":"closed","template":"","meta":{"footnotes":""},"class_list":["post-646","page","type-page","status-publish","hentry"],"_links":{"self":[{"href":"https:\/\/www.oammr-mh.ro\/index.php?rest_route=\/wp\/v2\/pages\/646","targetHints":{"allow":["GET"]}}],"collection":[{"href":"https:\/\/www.oammr-mh.ro\/index.php?rest_route=\/wp\/v2\/pages"}],"about":[{"href":"https:\/\/www.oammr-mh.ro\/index.php?rest_route=\/wp\/v2\/types\/page"}],"author":[{"embeddable":true,"href":"https:\/\/www.oammr-mh.ro\/index.php?rest_route=\/wp\/v2\/users\/1"}],"replies":[{"embeddable":true,"href":"https:\/\/www.oammr-mh.ro\/index.php?rest_route=%2Fwp%2Fv2%2Fcomments&post=646"}],"version-history":[{"count":70,"href":"https:\/\/www.oammr-mh.ro\/index.php?rest_route=\/wp\/v2\/pages\/646\/revisions"}],"predecessor-version":[{"id":1574,"href":"https:\/\/www.oammr-mh.ro\/index.php?rest_route=\/wp\/v2\/pages\/646\/revisions\/1574"}],"wp:attachment":[{"href":"https:\/\/www.oammr-mh.ro\/index.php?rest_route=%2Fwp%2Fv2%2Fmedia&parent=646"}],"curies":[{"name":"wp","href":"https:\/\/api.w.org\/{rel}","templated":true}]}}