{"id":604,"date":"2018-07-10T10:14:15","date_gmt":"2018-07-10T07:14:15","guid":{"rendered":"http:\/\/www.oammr-mh.ro\/?page_id=604"},"modified":"2018-07-10T10:34:19","modified_gmt":"2018-07-10T07:34:19","slug":"experti-medicali","status":"publish","type":"page","link":"https:\/\/www.oammr-mh.ro\/?page_id=604","title":{"rendered":"EXPERTI MEDICALI"},"content":{"rendered":"<p class=\"western\"><span style=\"font-size: large;\">Ministerul S\u0103n\u0103t\u0103\u021bii a cerut actualizarea Listei cu exper\u021bi medicali conform prevederilor articolului 680 alin. (1) din Legea nr. 95\/2006 privind reforma \u00een domeniul s\u0103n\u0103t\u0103\u021bii, republicat\u0103, cu modific\u0103rile \u0219i complet\u0103rile ulterioare.<\/span><\/p>\n<p class=\"western\"><span style=\"font-size: large;\">Mai jos sunt informa\u021biile cu baza legal\u0103 referitoare la modalitatea de stabilire a listei na\u021bionale de exper\u021bi medicali, condi\u021bii \u0219i modalitatea de remunerare a acestora, astfel \u00eenc\u00e2t membrii care \u00eentrunesc condi\u021bia prev\u0103zut\u0103 la art.680, alin.(2) din lege, <\/span><span style=\"font-size: large;\"><b>cel pu\u021bin 8 ani vechime \u00een specialitate<\/b><\/span><span style=\"font-size: large;\">, s\u0103-\u0219i depun\u0103 solicitarea la sediul OAMGMAMR Mehedin\u021bi.<\/span><\/p>\n<p class=\"western\" align=\"justify\"><span style=\"font-family: Cambria, serif;\"><span style=\"font-size: medium;\"><b>Legea nr. 95\/2006 privind reforma \u00een domeniul s\u0103n\u0103t\u0103\u021bii, republicat\u0103, cu modific\u0103rile \u0219i complet\u0103rile ulterioare<\/b><\/span><\/span><\/p>\n<p class=\"western\" align=\"justify\"><span style=\"font-family: Cambria, serif;\"><span style=\"font-size: medium;\">ART. 680<\/span><\/span><\/p>\n<p class=\"western\" align=\"justify\"><span style=\"font-family: Cambria, serif;\"><span style=\"font-size: medium;\">(1) Ministerul S\u0103n\u0103t\u0103\u0163ii aprob\u0103, la propunerea CMR, pentru fiecare jude\u0163 \u015fi municipiul Bucure\u015fti, o list\u0103 na\u0163ional\u0103 de exper\u0163i medicali, \u00een fiecare specialitate, care vor fi consulta\u0163i conform regulamentului de organizare \u015fi func\u0163ionare a Comisiei.<\/span><\/span><\/p>\n<p class=\"western\" align=\"justify\"><span style=\"font-family: Cambria, serif;\"><span style=\"font-size: medium;\">(2) Pe lista de exper\u0163i se poate \u00eenscrie orice medic, medic dentist, farmacist, asistent medical\/moa\u015f\u0103 cu o vechime de cel pu\u0163in 8 ani \u00een specialitate, cu avizul CMR, CMDR, CFR \u015fi, respectiv, al OAMGMAMR.<\/span><\/span><\/p>\n<p class=\"western\" align=\"justify\"><span style=\"font-family: Cambria, serif;\"><span style=\"font-size: medium;\">(3) Modalitatea de remunerare a exper\u0163ilor medicali din lista na\u0163ional\u0103 se stabile\u015fte prin ordin al ministrului s\u0103n\u0103t\u0103\u0163ii*).<\/span><\/span><\/p>\n<p class=\"western\" align=\"justify\"><span style=\"font-family: Cambria, serif;\"><span style=\"font-size: medium;\">(4) Onorariile pentru serviciile prestate de c\u0103tre exper\u0163ii medicali, desemna\u0163i potrivit <\/span><\/span><span style=\"color: #008000;\"><span style=\"font-family: Cambria, serif;\"><span style=\"font-size: medium;\"><u>art. 682<\/u><\/span><\/span><\/span><span style=\"font-family: Cambria, serif;\"><span style=\"font-size: medium;\">, se stabilesc \u00een raport cu complexitatea cazului expertizat, sunt aprobate prin ordin al ministrului s\u0103n\u0103t\u0103\u0163ii**) \u015fi vor fi suportate de partea interesat\u0103.<\/span><\/span><\/p>\n<p class=\"western\" align=\"justify\"><span style=\"font-family: Cambria, serif;\"><span style=\"font-size: medium;\">&#8211;&#8211;&#8211;&#8211;<\/span><\/span><\/p>\n<p class=\"western\" align=\"justify\"><span style=\"font-family: Cambria, serif;\"><span style=\"font-size: medium;\">*) A se vedea <\/span><\/span><span style=\"color: #008000;\"><span style=\"font-family: Cambria, serif;\"><span style=\"font-size: medium;\"><u>Ordinul<\/u><\/span><\/span><\/span><span style=\"font-family: Cambria, serif;\"><span style=\"font-size: medium;\"> ministrului s\u0103n\u0103t\u0103\u0163ii publice nr. 1.398\/2006 pentru aprobarea modalit\u0103\u0163ii de remunerare a exper\u0163ilor medicali, publicat \u00een Monitorul Oficial al Rom\u00e2niei, Partea I, nr. 956 din 28 noiembrie 2006.<\/span><\/span><\/p>\n<p class=\"western\" align=\"justify\"><span style=\"font-family: Cambria, serif;\"><span style=\"font-size: medium;\">**) A se vedea asteriscul de la <\/span><\/span><span style=\"color: #008000;\"><span style=\"font-family: Cambria, serif;\"><span style=\"font-size: medium;\"><u>art. 255<\/u><\/span><\/span><\/span><span style=\"font-family: Cambria, serif;\"><span style=\"font-size: medium;\">.<\/span><\/span><\/p>\n<p class=\"western\" align=\"justify\"><span style=\"font-family: Cambria, serif;\"><span style=\"font-size: medium;\">ART. 681<\/span><\/span><\/p>\n<p class=\"western\" align=\"justify\"><span style=\"font-family: Cambria, serif;\"><span style=\"font-size: medium;\">Comisia poate fi sesizat\u0103 de:<\/span><\/span><\/p>\n<p class=\"western\" align=\"justify\"><span style=\"font-family: Cambria, serif;\"><span style=\"font-size: medium;\">a) persoana sau, dup\u0103 caz, reprezentantul legal al acesteia, care se consider\u0103 victima unui act de malpraxis s\u0103v\u00e2r\u015fit \u00een exercitarea unei activit\u0103\u0163i de preven\u0163ie, diagnostic \u015fi tratament;<\/span><\/span><\/p>\n<p class=\"western\" align=\"justify\"><span style=\"font-family: Cambria, serif;\"><span style=\"font-size: medium;\">b) succesorii persoanei decedate ca urmare a unui act de malpraxis imputabil unei activit\u0103\u0163i de preven\u0163ie, diagnostic \u015fi tratament.<\/span><\/span><\/p>\n<p class=\"western\" align=\"justify\"><span style=\"font-family: Cambria, serif;\"><span style=\"font-size: medium;\">ART. 682<\/span><\/span><\/p>\n<p class=\"western\" align=\"justify\"><span style=\"font-family: Cambria, serif;\"><span style=\"font-size: medium;\">(1) Comisia desemneaz\u0103, prin tragere la sor\u0163i, din lista na\u0163ional\u0103 a exper\u0163ilor, un grup de exper\u0163i sau un expert care dispun de cel pu\u0163in acela\u015fi grad profesional \u015fi didactic cu persoana reclamat\u0103, \u00een func\u0163ie de complexitatea cazului, \u00eens\u0103rcinat cu efectuarea unui raport asupra cazului.<\/span><\/span><\/p>\n<p class=\"western\" align=\"justify\"><span style=\"font-family: Cambria, serif;\"><span style=\"font-size: medium;\">(2) Exper\u0163ii prev\u0103zu\u0163i la alin. (1) au acces la toate documentele medicale aferente cazului, a c\u0103ror cercetare o consider\u0103 necesar\u0103, \u015fi au dreptul de a audia \u015fi \u00eenregistra depozi\u0163iile tuturor persoanelor implicate.<\/span><\/span><\/p>\n<p class=\"western\" align=\"justify\"><span style=\"font-family: Cambria, serif;\"><span style=\"font-size: medium;\">(3) Exper\u0163ii \u00eentocmesc \u00een termen de 30 de zile un raport asupra cazului pe care \u00eel \u00eenainteaz\u0103 Comisiei. Comisia adopt\u0103 o decizie asupra cazului, \u00een maximum 3 luni de la data sesiz\u0103rii.<\/span><\/span><\/p>\n<p class=\"western\" align=\"justify\"><span style=\"font-family: Cambria, serif;\"><span style=\"font-size: medium;\">(4) Fiecare parte interesat\u0103 are dreptul s\u0103 primeasc\u0103 o copie a raportului exper\u0163ilor \u015fi a documentelor medicale care au stat la baza acestuia.<\/span><\/span><\/p>\n<p class=\"western\" align=\"justify\"><span style=\"font-family: Cambria, serif;\"><span style=\"font-size: medium;\">ART. 683<\/span><\/span><\/p>\n<p class=\"western\" align=\"justify\"><span style=\"font-family: Cambria, serif;\"><span style=\"font-size: medium;\">Comisia stabile\u015fte, prin decizie, dac\u0103 \u00een cauz\u0103 a fost sau nu o situa\u0163ie de malpraxis. Decizia se comunic\u0103 tuturor persoanelor implicate, inclusiv asigur\u0103torului, \u00een termen de 5 zile calendaristice.<\/span><\/span><\/p>\n<p class=\"western\" align=\"justify\"><span style=\"font-family: Cambria, serif;\"><span style=\"font-size: medium;\">ART. 684<\/span><\/span><\/p>\n<p class=\"western\" align=\"justify\"><span style=\"font-family: Cambria, serif;\"><span style=\"font-size: medium;\">(1) \u00cen cazul \u00een care asigur\u0103torul sau oricare dintre p\u0103r\u0163ile implicate nu este de acord cu decizia Comisiei, o poate contesta la instan\u0163a de judecat\u0103 competent\u0103, \u00een termen de 15 zile de la data comunic\u0103rii deciziei.<\/span><\/span><\/p>\n<p class=\"western\" align=\"justify\"><span style=\"font-family: Cambria, serif;\"><span style=\"font-size: medium;\">(2) Procedura stabilirii cazurilor de malpraxis nu \u00eempiedic\u0103 liberul acces la justi\u0163ie potrivit dreptului comun.<\/span><\/span><\/p>\n<p class=\"western\" align=\"justify\"><span style=\"font-family: Cambria, serif;\"><span style=\"font-size: medium;\">ART. 685<\/span><\/span><\/p>\n<p class=\"western\" align=\"justify\"><span style=\"font-family: Cambria, serif;\"><span style=\"font-size: medium;\">(1) \u00centreaga procedur\u0103 de stabilire a cazurilor de malpraxis, p\u00e2n\u0103 \u00een momentul sesiz\u0103rii instan\u0163ei, este confiden\u0163ial\u0103.<\/span><\/span><\/p>\n<p class=\"western\" align=\"justify\"><span style=\"font-family: Cambria, serif;\"><span style=\"font-size: medium;\">(2) \u00cenc\u0103lcarea confiden\u0163ialit\u0103\u0163ii de c\u0103tre persoana care a f\u0103cut sesizarea duce la pierderea dreptului de a beneficia de procedura de conciliere.<\/span><\/span><\/p>\n<p class=\"western\" align=\"justify\"><span style=\"font-family: Cambria, serif;\"><span style=\"font-size: medium;\">(3) \u00cenc\u0103lcarea confiden\u0163ialit\u0103\u0163ii de c\u0103tre membrii Comisiei sau exper\u0163ii desemna\u0163i de aceasta atrage sanc\u0163iuni profesionale \u015fi administrative, conform regulamentelor aprobate.<\/span><\/span><\/p>\n<p class=\"western\" align=\"justify\"><span style=\"font-family: Cambria, serif;\"><span style=\"font-size: medium;\">ART. 686<\/span><\/span><\/p>\n<p class=\"western\" align=\"justify\"><span style=\"font-family: Cambria, serif;\"><span style=\"font-size: medium;\">(1) Comisia \u00eentocme\u015fte un raport anual detaliat pe care \u00eel prezint\u0103 Ministerului S\u0103n\u0103t\u0103\u0163ii.<\/span><\/span><\/p>\n<p class=\"western\" align=\"justify\"><span style=\"font-family: Cambria, serif;\"><span style=\"font-size: medium;\">(2) Pe baza datelor astfel ob\u0163inute, Ministerul S\u0103n\u0103t\u0103\u0163ii elaboreaz\u0103 un raport anual na\u0163ional asupra malpraxisului medical, pe care \u00eel prezint\u0103 Parlamentului, Guvernului \u015fi opiniei publice.<\/span><\/span><\/p>\n<p class=\"western\" align=\"justify\"><span style=\"font-family: Cambria, serif;\"><span style=\"font-size: medium;\">ART. 687<\/span><\/span><\/p>\n<p class=\"western\" align=\"justify\"><span style=\"font-family: Cambria, serif;\"><span style=\"font-size: medium;\">Instan\u0163a competent\u0103 s\u0103 solu\u0163ioneze litigiile prev\u0103zute \u00een prezenta lege este judec\u0103toria \u00een a c\u0103rei circumscrip\u0163ie teritorial\u0103 a avut loc actul de malpraxis reclamat.<\/span><\/span><\/p>\n<p class=\"western\" align=\"justify\"><span style=\"font-family: Cambria, serif;\"><span style=\"font-size: medium;\">ART. 688<\/span><\/span><\/p>\n<p class=\"western\" align=\"justify\"><span style=\"font-family: Cambria, serif;\"><span style=\"font-size: medium;\">Actele de malpraxis \u00een cadrul activit\u0103\u0163ii medicale de preven\u0163ie, diagnostic \u015fi tratament se prescriu \u00een termen de 3 ani de la producerea prejudiciului, cu excep\u0163ia faptelor ce reprezint\u0103 infrac\u0163iuni.<\/span><\/span><\/p>\n<p class=\"western\" align=\"justify\"><span style=\"font-family: Cambria, serif;\"><span style=\"font-size: medium;\">ART. 689<\/span><\/span><\/p>\n<p class=\"western\" align=\"justify\"><span style=\"font-family: Cambria, serif;\"><span style=\"font-size: medium;\">(1) Omisiunea \u00eencheierii asigur\u0103rii de malpraxis medical sau asigurarea sub limita legal\u0103 de c\u0103tre persoanele fizice \u015fi juridice prev\u0103zute de prezenta lege constituie abatere disciplinar\u0103 \u015fi se sanc\u0163ioneaz\u0103 cu suspendarea dreptului de practic\u0103 sau, dup\u0103 caz, suspendarea autoriza\u0163iei de func\u0163ionare.<\/span><\/span><\/p>\n<p class=\"western\" align=\"justify\"><span style=\"font-family: Cambria, serif;\"><span style=\"font-size: medium;\">(2) Aceast\u0103 sanc\u0163iune nu se aplic\u0103 dac\u0103 asiguratul se conformeaz\u0103 \u00een termen de 30 de zile obliga\u0163iei legale.<\/span><\/span><\/p>\n<p class=\"western\" align=\"justify\"><span style=\"font-family: Cambria, serif;\"><span style=\"font-size: medium;\">ART. 690<\/span><\/span><\/p>\n<p class=\"western\" align=\"justify\"><span style=\"font-family: Cambria, serif;\"><span style=\"font-size: medium;\">Prevederile prezentului titlu nu se aplic\u0103 activit\u0103\u0163ii de cercetare biomedical\u0103.<\/span><\/span><\/p>\n<p class=\"western\" align=\"justify\"><span style=\"font-family: Cambria, serif;\"><span style=\"font-size: medium;\"><b>ORDIN Nr. 1398 din 14 noiembrie 2006<\/b><\/span><\/span><\/p>\n<p class=\"western\" align=\"justify\"><span style=\"font-family: Cambria, serif;\"><span style=\"font-size: medium;\"><b>pentru aprobarea modalit\u0103\u0163ii de remunerare a exper\u0163ilor medicali<\/b><\/span><\/span><\/p>\n<p class=\"western\" align=\"justify\"><span style=\"font-family: Cambria, serif;\"><span style=\"font-size: medium;\"><b>EMITENT: MINISTERUL S\u0102N\u0102T\u0102\u0162II PUBLICE<\/b><\/span><\/span><\/p>\n<p class=\"western\" align=\"justify\"><span style=\"font-family: Cambria, serif;\"><span style=\"font-size: medium;\"><b>PUBLICAT \u00ceN: MONITORUL OFICIAL NR. 956 din 28 noiembrie 2006<\/b><\/span><\/span><\/p>\n<p class=\"western\" align=\"justify\"><span style=\"font-family: Cambria, serif;\"><span style=\"font-size: medium;\">ART. 1<\/span><\/span><\/p>\n<p class=\"western\" align=\"justify\"><span style=\"font-family: Cambria, serif;\"><span style=\"font-size: medium;\">Se aprob\u0103 modalitatea de remunerare a exper\u0163ilor medicali cuprin\u015fi \u00een lista na\u0163ional\u0103, conform metodologiei prev\u0103zute \u00een <\/span><\/span><span style=\"color: #008000;\"><span style=\"font-family: Cambria, serif;\"><span style=\"font-size: medium;\"><u>anexa<\/u><\/span><\/span><\/span><span style=\"font-family: Cambria, serif;\"><span style=\"font-size: medium;\"> care face parte integrant\u0103 din prezentul ordin.<\/span><\/span><\/p>\n<p class=\"western\" align=\"justify\"><span style=\"font-family: Cambria, serif;\"><span style=\"font-size: medium;\">ART. 2<\/span><\/span><\/p>\n<p class=\"western\" align=\"justify\"><span style=\"font-family: Cambria, serif;\"><span style=\"font-size: medium;\">Autorit\u0103\u0163ile de s\u0103n\u0103tate public\u0103 jude\u0163ene \u015fi a municipiului Bucure\u015fti, unit\u0103\u0163ile sanitare, exper\u0163ii medicali, precum \u015fi persoanele fizice sau juridice implicate vor duce la \u00eendeplinire prevederile prezentului ordin.<\/span><\/span><\/p>\n<p class=\"western\" align=\"justify\"><span style=\"font-family: Cambria, serif;\"><span style=\"font-size: medium;\">ART. 3<\/span><\/span><\/p>\n<p class=\"western\" align=\"justify\"><span style=\"font-family: Cambria, serif;\"><span style=\"font-size: medium;\">Prezentul ordin se va publica \u00een Monitorul Oficial al Rom\u00e2niei, Partea I.<\/span><\/span><\/p>\n<p class=\"western\" align=\"justify\"><span style=\"font-family: Cambria, serif;\"><span style=\"font-size: medium;\">Ministrul s\u0103n\u0103t\u0103\u0163ii publice,<\/span><\/span><\/p>\n<p class=\"western\" align=\"justify\"><span style=\"font-family: Cambria, serif;\"><span style=\"font-size: medium;\">Gheorghe Eugen Nicol\u0103escu<\/span><\/span><\/p>\n<p class=\"western\" align=\"justify\"><span style=\"font-family: Cambria, serif;\"><span style=\"font-size: medium;\">ANEXA 1<\/span><\/span><\/p>\n<p class=\"western\" align=\"center\"><span style=\"font-family: Cambria, serif;\"><span style=\"font-size: medium;\">METODOLOGIE<\/span><\/span><\/p>\n<p class=\"western\" align=\"center\"><span style=\"font-family: Cambria, serif;\"><span style=\"font-size: medium;\">de stabilire a modalit\u0103\u0163ii de remunerare a exper\u0163ilor cuprin\u015fi \u00een lista na\u0163ional\u0103<\/span><\/span><\/p>\n<p class=\"western\" align=\"justify\"><span style=\"font-family: Cambria, serif;\"><span style=\"font-size: medium;\">ART. 1<\/span><\/span><\/p>\n<p class=\"western\" align=\"justify\"><span style=\"font-family: Cambria, serif;\"><span style=\"font-size: medium;\">Exper\u0163ii medicali cuprin\u015fi \u00een lista na\u0163ional\u0103 sunt desemna\u0163i prin tragere la sor\u0163i de c\u0103tre comisia de monitorizare \u015fi competen\u0163\u0103 profesional\u0103 pentru cazurile de malpraxis, organizat\u0103 potrivit reglement\u0103rilor legale, denumit\u0103 \u00een continuare comisia.<\/span><\/span><\/p>\n<p class=\"western\" align=\"justify\"><span style=\"font-family: Cambria, serif;\"><span style=\"font-size: medium;\">ART. 2<\/span><\/span><\/p>\n<p class=\"western\" align=\"justify\"><span style=\"font-family: Cambria, serif;\"><span style=\"font-size: medium;\">(1) Desemnarea exper\u0163ilor potrivit <\/span><\/span><span style=\"color: #008000;\"><span style=\"font-family: Cambria, serif;\"><span style=\"font-size: medium;\"><u>art. 1<\/u><\/span><\/span><\/span><span style=\"font-family: Cambria, serif;\"><span style=\"font-size: medium;\"> se face \u00een situa\u0163ia \u00een care comisia consider\u0103 necesar\u0103 o expertiz\u0103, pentru elaborarea deciziei asupra cazului.<\/span><\/span><\/p>\n<p class=\"western\" align=\"justify\"><span style=\"font-family: Cambria, serif;\"><span style=\"font-size: medium;\">(2) Comisia stabile\u015fte onorariul care trebuie achitat de partea interesat\u0103, potrivit ordinului ministrului s\u0103n\u0103t\u0103\u0163ii publice privind onorariile exper\u0163ilor medicali, punctele asupra c\u0103rora trebuie s\u0103 se pronun\u0163e expertul, precum \u015fi termenul p\u00e2n\u0103 la care trebuie s\u0103 se efectueze expertiza.<\/span><\/span><\/p>\n<p class=\"western\" align=\"justify\"><span style=\"font-family: Cambria, serif;\"><span style=\"font-size: medium;\">ART. 3<\/span><\/span><\/p>\n<p class=\"western\" align=\"justify\"><span style=\"font-family: Cambria, serif;\"><span style=\"font-size: medium;\">Comisia colecteaz\u0103 de la exper\u0163ii medicali datele cu privire la num\u0103rul de cont \u015fi unitatea bancar\u0103 la care este deschis acesta \u015fi va \u00eentocmi o list\u0103 ce va fi actualizat\u0103 c\u00e2nd intervin date noi.<\/span><\/span><\/p>\n<p class=\"western\" align=\"justify\"><span style=\"font-family: Cambria, serif;\"><span style=\"font-size: medium;\">ART. 4<\/span><\/span><\/p>\n<p class=\"western\" align=\"justify\"><span style=\"font-family: Cambria, serif;\"><span style=\"font-size: medium;\">\u00cen vederea achit\u0103rii onorariului pentru serviciile expertului, pre\u015fedintele comisiei comunic\u0103, \u00een scris, prin scrisoare recomandat\u0103 cu confirmare de primire, persoanei care a f\u0103cut sesizarea cu privire la cazul de malpraxis \u015fi \u00eei pune \u00een vedere s\u0103 achite onorariul stabilit \u00een termen de 5 zile lucr\u0103toare de la data primirii acesteia.<\/span><\/span><\/p>\n<p class=\"western\" align=\"justify\"><span style=\"font-family: Cambria, serif;\"><span style=\"font-size: medium;\">ART. 5<\/span><\/span><\/p>\n<p class=\"western\" align=\"justify\"><span style=\"font-family: Cambria, serif;\"><span style=\"font-size: medium;\">\u00cen vederea achit\u0103rii onorariului de c\u0103tre partea interesat\u0103, stabilit conform <\/span><\/span><span style=\"color: #008000;\"><span style=\"font-family: Cambria, serif;\"><span style=\"font-size: medium;\"><u>art. 2<\/u><\/span><\/span><\/span><span style=\"font-family: Cambria, serif;\"><span style=\"font-size: medium;\"> alin. (2), comisia indic\u0103 num\u0103rul de cont \u00een care acest onorariu va trebui achitat.<\/span><\/span><\/p>\n<p class=\"western\" align=\"justify\"><span style=\"font-family: Cambria, serif;\"><span style=\"font-size: medium;\">ART. 6<\/span><\/span><\/p>\n<p class=\"western\" align=\"justify\"><span style=\"font-family: Cambria, serif;\"><span style=\"font-size: medium;\">De \u00eendat\u0103 ce partea interesat\u0103 a achitat onorariul cuvenit expertului, acesta va depune la comisie chitan\u0163a care dovede\u015fte efectuarea pl\u0103\u0163ii.<\/span><\/span><\/p>\n<p class=\"western\" align=\"justify\"><span style=\"font-family: Cambria, serif;\"><span style=\"font-size: medium;\">ART. 7<\/span><\/span><\/p>\n<p class=\"western\" align=\"justify\"><span style=\"font-family: Cambria, serif;\"><span style=\"font-size: medium;\">Comisia trimite expertului desemnat o copie de pe actul ce atest\u0103 efectuarea pl\u0103\u0163ii \u015fi \u00eei pune \u00een vedere acestuia s\u0103 efectueze expertiza \u00een cazul respectiv.<\/span><\/span><\/p>\n<p class=\"western\" align=\"justify\"><span style=\"font-family: Cambria, serif;\"><span style=\"font-size: medium;\">ART. 8<\/span><\/span><\/p>\n<p class=\"western\" align=\"justify\"><span style=\"font-family: Cambria, serif;\"><span style=\"font-size: medium;\">(1) \u00cen situa\u0163ia \u00een care partea interesat\u0103 nu face dovada achit\u0103rii onorariului potrivit prevederilor <\/span><\/span><span style=\"color: #008000;\"><span style=\"font-family: Cambria, serif;\"><span style=\"font-size: medium;\"><u>art. 6<\/u><\/span><\/span><\/span><span style=\"font-family: Cambria, serif;\"><span style=\"font-size: medium;\">, comisia are dreptul s\u0103 resping\u0103 sesizarea.<\/span><\/span><\/p>\n<p class=\"western\" align=\"justify\"><span style=\"font-family: Cambria, serif;\"><span style=\"font-size: medium;\">(2) O sesizare nou\u0103 poate fi f\u0103cut\u0103 pentru acela\u015fi caz \u00een situa\u0163ia \u00een care nu a expirat termenul de prescrip\u0163ie pentru introducerea sesiz\u0103rii.<\/span><\/span><\/p>\n<p class=\"western\" align=\"justify\"><span style=\"font-family: Cambria, serif;\"><span style=\"font-size: medium;\">ART. 9<\/span><\/span><\/p>\n<p class=\"western\" align=\"justify\"><span style=\"font-family: Cambria, serif;\"><span style=\"font-size: medium;\">Persoanele desemnate ca exper\u0163i vor efectua toate demersurile legale \u00een vederea achit\u0103rii obliga\u0163iilor ce rezult\u0103 din \u00eencasarea sumelor cu titlu de onorariu. Ne\u00eendeplinirea acestor obliga\u0163ii atrage r\u0103spunderea persoanelor vinovate, potrivit legii.<\/span><\/span><\/p>\n<p class=\"western\"><span style=\"font-family: Cambria, serif;\"><span style=\"font-size: medium;\">&#8211;&#8211;&#8211;&#8211;&#8211;<\/span><\/span><\/p>\n","protected":false},"excerpt":{"rendered":"<p>Ministerul S\u0103n\u0103t\u0103\u021bii a cerut actualizarea Listei cu exper\u021bi medicali conform prevederilor articolului 680 alin. (1) din Legea nr. 95\/2006 privind reforma \u00een domeniul s\u0103n\u0103t\u0103\u021bii, republicat\u0103, cu modific\u0103rile \u0219i complet\u0103rile ulterioare. Mai jos sunt informa\u021biile cu baza legal\u0103 referitoare la modalitatea &hellip; <a href=\"https:\/\/www.oammr-mh.ro\/?page_id=604\">Continu\u0103 s\u0103 cite\u0219ti <span class=\"meta-nav\">&rarr;<\/span><\/a><\/p>\n","protected":false},"author":1,"featured_media":0,"parent":0,"menu_order":0,"comment_status":"closed","ping_status":"closed","template":"","meta":{"footnotes":""},"class_list":["post-604","page","type-page","status-publish","hentry"],"_links":{"self":[{"href":"https:\/\/www.oammr-mh.ro\/index.php?rest_route=\/wp\/v2\/pages\/604","targetHints":{"allow":["GET"]}}],"collection":[{"href":"https:\/\/www.oammr-mh.ro\/index.php?rest_route=\/wp\/v2\/pages"}],"about":[{"href":"https:\/\/www.oammr-mh.ro\/index.php?rest_route=\/wp\/v2\/types\/page"}],"author":[{"embeddable":true,"href":"https:\/\/www.oammr-mh.ro\/index.php?rest_route=\/wp\/v2\/users\/1"}],"replies":[{"embeddable":true,"href":"https:\/\/www.oammr-mh.ro\/index.php?rest_route=%2Fwp%2Fv2%2Fcomments&post=604"}],"version-history":[{"count":3,"href":"https:\/\/www.oammr-mh.ro\/index.php?rest_route=\/wp\/v2\/pages\/604\/revisions"}],"predecessor-version":[{"id":611,"href":"https:\/\/www.oammr-mh.ro\/index.php?rest_route=\/wp\/v2\/pages\/604\/revisions\/611"}],"wp:attachment":[{"href":"https:\/\/www.oammr-mh.ro\/index.php?rest_route=%2Fwp%2Fv2%2Fmedia&parent=604"}],"curies":[{"name":"wp","href":"https:\/\/api.w.org\/{rel}","templated":true}]}}