{"id":252,"date":"2014-09-08T15:17:34","date_gmt":"2014-09-08T12:17:34","guid":{"rendered":"http:\/\/www.oammr-mh.ro\/?page_id=252"},"modified":"2018-03-16T11:29:57","modified_gmt":"2018-03-16T09:29:57","slug":"examen-specializari-2014","status":"publish","type":"page","link":"https:\/\/www.oammr-mh.ro\/?page_id=252","title":{"rendered":"Program specializ\u0103ri pentru asisten\u021bii medicali"},"content":{"rendered":"<p>\u00cen conformitate cu\u00a0<b>Ordinul M.S. nr. 942\/25 august 2017<\/b>\u00a0pentru aprobarea<i>\u00a0&#8222;Normelor de organizare \u0219i desf\u0103\u0219urare a programelor de specializare \u00een vederea reconversiei profesionale, precum \u0219i \u00een vederea dezvolt\u0103rii abilit\u0103\u021bilor profesionale pentru asisten\u021bii medicali generali\u0219ti, moa\u0219e \u0219i asisten\u021bii medicali<\/i>&#8222;, v\u0103 aducem la cuno\u0219tin\u021b\u0103\u00a0noile condi\u021bii de \u00eenscriere \u0219i participare la programele de specializare, dup\u0103 cum urmeaz\u0103:<\/p>\n<ol>\n<li>La programele de specializare pentru reconversie profesional\u0103 particip\u0103 <strong>asisten\u021bii medicali generali\u0219ti \u0219i asisten\u021bii medicali de pediatrie\u00a0<\/strong><b><u>\u00eencadra\u021bi pe posturi \u00een specialitatea respectiv\u0103<\/u><\/b>;<\/li>\n<li>Solicitarea c\u0103tre SNSPMPDSB pentru a participa la un program de specializare este f\u0103cut\u0103 de c\u0103tre unit\u0103\u021bi sanitare publice sau private \u0219i autorit\u0103\u021bi locale, pentru persoanele nominalizate de acestea;<\/li>\n<li>Participarea la programele de specializare a asisten\u021bilor medicali generali\u0219ti, moa\u0219elor \u0219i asisten\u021bilor medicali\u00a0<u>\u00eencadra\u021bi cu contract individual de munc\u0103 se face \u00een conformitate cu prevederile art. 192-200 din Legea nr. 53\/2003 &#8211; Codul muncii, republicat\u0103, cu modific\u0103rile \u0219i complet\u0103rile ulterioare<\/u>;<\/li>\n<li>Taxa de instruire se suport\u0103 de angajator, conform prevederilor art. 194 alin. (2) din Legea nr. 53\/2003 &#8211; Codul muncii, republicat\u0103, cu modific\u0103rile \u0219i complet\u0103rile ulterioare,\u00a0<u>sau finan\u021barea poate proveni din alte surse<\/u>;<\/li>\n<li>Taxa de instruire se restituie integral atunci c\u00e2nd cursantul se retrage cu cel pu\u021bin 24 de ore \u00eenainte de \u00eenceperea programului \u0219i \u00een procent de 75% dac\u0103 cursantul se retrage dup\u0103 \u00eenceperea cursului;<\/li>\n<li>Salaria\u021bilor care beneficiaz\u0103 de cursul de specializare le sunt aplicabile prevederile art. 198 din Legea nr. 53\/2003 &#8211; Codul muncii, republicat\u0103, cu modific\u0103rile \u0219i complet\u0103rile ulterioare.<\/li>\n<\/ol>\n<h3><u><b>\u00censcrierea la noul program de specializare, pentru anul 2018-2019<\/b><\/u>, se realizeaz\u0103 \u00een perioada 25 martie 2018 \u2013 30 mai 2018.<\/h3>\n<h3><strong>Elementul de noutate \u00een acest an const\u0103 \u00een faptul c\u0103 \u00eenscrierea se va face numai pe platforma SNSPMPDSB https:\/\/www.perfmed.ro\u00a0<\/strong><\/h3>\n<h3>\u00cen acest sens, unit\u0103\u021bile sanitare publice sau private interesate se vor \u00eenregistra pe platform\u0103 conform instruc\u021biunilor publicate \u0219i vor trimite solicitarea pentru \u00eenscrierea unui sau mai mul\u021bi asisten\u021bi medicali angaja\u021bi, scanat\u0103 \u00een format electronic \u0219i \u00eenso\u021bit\u0103 de urm\u0103toarele documente de asemenea scanate:<\/h3>\n<ol>\n<li>Solicitarea\u00a0unit\u0103\u021bii sanitare, semnat\u0103 \u0219i stampilat\u0103 de managerul unit\u0103\u021bii sanitare \u00een care se specific\u0103 numele asistentului\/asisten\u021bilor medicali \u0219i specializarea\/specializ\u0103rile pentru care se face solicitarea de \u00eenscriere.<\/li>\n<li>Diploma\/certificat de studii(asistent medical generalist sau pediatrie) pentru fiecare asistent medical propus pentru \u00eenscriere la o anumit\u0103 specializare-\u00een copie<\/li>\n<li>Certificat de membru OAMGMAMR \u0219i avizul anual de liber\u0103 practic\u0103-\u00een copie<\/li>\n<li>Carte de identitate &#8211; copie<\/li>\n<li>Adeverin\u021b\u0103 din care s\u0103 reiese c\u0103 asistentul medical\/asisten\u021bii medicali este\/sunt \u00eencadra\u021b(i) pe un post specific specializ\u0103rii respective pentru care se face solicitarea. salariat \u00eencadrat \u00een specialitatea pentru care se solicit\u0103 \u00eenscrierea. Ulterior valid\u0103rii dosarului de \u00eenscriere de c\u0103tre SNSPMPDSB se ata\u0219eaz\u0103 \u0219i<\/li>\n<li>Dovada achit\u0103rii taxei de participare la program(integral) care va fi anun\u021bat\u0103 pe site-ul SNSPMPDSB p\u00e2n\u0103 la data de 31.03.2018 care se poate face direct online conform instruc\u021biunilor publicate sau prin orice modalitate(OP, e-banking, mandat po\u0219tal)<\/li>\n<\/ol>\n<p>Reparti\u021bia participan\u021bilor pe centre de preg\u0103tire, loca\u021bia, perioada de preg\u0103tire precum \u0219i numele \u0219i coordonatele secretarului pentru fiecare program de specializare se vor afi\u0219a pe site-ul\u00a0 http:\/\/www.snspms.ro \u0219i pe platforma perfmed.ro cu cel pu\u021bin 30 de zile \u00eenainte de \u00eenceperea programului.<\/p>\n<h3>Mai multe detalii despre \u00eenscrierea la programele de specializare vor fi publicate pe site-ul \u0218colii Na\u021bionale de S\u0103n\u0103tate Public\u0103, Management \u0219i Perfec\u021bionare \u00een Domeniul Sanitar Bucure\u0219ti (<a href=\"http:\/\/www.snspms.ro\/\">www.snspms.ro<\/a>) \u0219i pe platforma perfmed.ro<\/h3>\n","protected":false},"excerpt":{"rendered":"<p>\u00cen conformitate cu\u00a0Ordinul M.S. nr. 942\/25 august 2017\u00a0pentru aprobarea\u00a0&#8222;Normelor de organizare \u0219i desf\u0103\u0219urare a programelor de specializare \u00een vederea reconversiei profesionale, precum \u0219i \u00een vederea dezvolt\u0103rii abilit\u0103\u021bilor profesionale pentru asisten\u021bii medicali generali\u0219ti, moa\u0219e \u0219i asisten\u021bii medicali&#8222;, v\u0103 aducem la cuno\u0219tin\u021b\u0103\u00a0noile &hellip; <a href=\"https:\/\/www.oammr-mh.ro\/?page_id=252\">Continu\u0103 s\u0103 cite\u0219ti <span class=\"meta-nav\">&rarr;<\/span><\/a><\/p>\n","protected":false},"author":1,"featured_media":0,"parent":0,"menu_order":0,"comment_status":"closed","ping_status":"closed","template":"","meta":{"footnotes":""},"class_list":["post-252","page","type-page","status-publish","hentry"],"_links":{"self":[{"href":"https:\/\/www.oammr-mh.ro\/index.php?rest_route=\/wp\/v2\/pages\/252","targetHints":{"allow":["GET"]}}],"collection":[{"href":"https:\/\/www.oammr-mh.ro\/index.php?rest_route=\/wp\/v2\/pages"}],"about":[{"href":"https:\/\/www.oammr-mh.ro\/index.php?rest_route=\/wp\/v2\/types\/page"}],"author":[{"embeddable":true,"href":"https:\/\/www.oammr-mh.ro\/index.php?rest_route=\/wp\/v2\/users\/1"}],"replies":[{"embeddable":true,"href":"https:\/\/www.oammr-mh.ro\/index.php?rest_route=%2Fwp%2Fv2%2Fcomments&post=252"}],"version-history":[{"count":17,"href":"https:\/\/www.oammr-mh.ro\/index.php?rest_route=\/wp\/v2\/pages\/252\/revisions"}],"predecessor-version":[{"id":566,"href":"https:\/\/www.oammr-mh.ro\/index.php?rest_route=\/wp\/v2\/pages\/252\/revisions\/566"}],"wp:attachment":[{"href":"https:\/\/www.oammr-mh.ro\/index.php?rest_route=%2Fwp%2Fv2%2Fmedia&parent=252"}],"curies":[{"name":"wp","href":"https:\/\/api.w.org\/{rel}","templated":true}]}}