{"id":2032,"date":"2026-01-14T16:47:24","date_gmt":"2026-01-14T14:47:24","guid":{"rendered":"https:\/\/www.oammr-mh.ro\/?page_id=2032"},"modified":"2026-01-20T20:25:31","modified_gmt":"2026-01-20T18:25:31","slug":"pcue","status":"publish","type":"page","link":"https:\/\/www.oammr-mh.ro\/?page_id=2032","title":{"rendered":"PCUe"},"content":{"rendered":"\n<p><strong>DESCRIERE PROCEDUR\u0102 PENTRU PCUe<\/strong><\/p>\n\n\n\n<p>\u00cen conformitate cu Legea 278\/2015, Ordinul Asisten\u021bilor Medicali Generali\u0219ti, Moa\u0219elor \u0219i Asisten\u021bilor Medicali din Rom\u00e2nia, \u00een calitate de autoritate competent\u0103, \u00eentocme\u0219te \u015fi elibereaz\u0103 documentele (certificate etc.) necesare recunoa\u015fterii \u00een scop profesional a titlurilor rom\u00e2ne\u015fti de calificare de asistent medical generalist, de moa\u015f\u0103 \u015fi de asistent medical, \u00een celelalte State Membre UE.<\/p>\n\n\n\n<p>Activit\u0103\u0163ile de atestare a titlurilor de calificare rom\u00e2ne\u015fti de asistent medical generalist, de moa\u015f\u0103 \u015fi de asistent medical, \u00een celelalte State Membre UE constau \u00een \u00eentocmirea \u015fi eliberarea de documente, denumite \u00een continuare documente de atestare, utilizate de autorit\u0103\u0163ile celorlalte state membre UE, statele apar\u0163in\u00e2nd Spa\u0163iului Economic European \u015fi Confedera\u0163ia Elve\u0163ian\u0103 \u00een vederea recunoa\u015fterii profesionale a acestor titluri conform procedurilor prev\u0103zute de Directiva 2005\/36\/CE a Parlamentului European \u015fi a Consiliului din 7 septembrie 2005 privind recunoa\u015fterea calific\u0103rilor profesionale, cu modific\u0103rile \u015fi complet\u0103rile ulterioare. Dup\u0103 caz, documentele de atestare sunt certificate sau recomand\u0103ri.<\/p>\n\n\n\n<p>Cererile online de eliberare a documentelor necesare recunoa\u0219terii \u00een scop profesional a titlurilor rom\u00e2ne\u015fti amintite, \u00eenso\u0163ite de documentele corespunz\u0103toare, se transmit prin PCUe la filiala jude\u0163ean\u0103\/ a Municipiului Bucure\u015fti a OAMGMAMR, la care solicitantul este membru. \u00cen cazul \u00een care solicitantul NU a dob\u00e2ndit calitatea de membru al OAMGMAMR, cererea se depune online prin PCUe la filiala OAMGMAMR pe a c\u0103rui raz\u0103 teritorial\u0103 domiciliaz\u0103.<\/p>\n\n\n\n<p>\u00cen situa\u021bia \u00een care solicitantul nu anexeaz\u0103 toate documentele solicitate sau se constat\u0103 c\u0103 dosarul este incomplet, solicitantul va fi notificat prin sistemul PCUe. \u00cen termen de 15 zile de la notificare, solicitantul are obliga\u021bia de a completa dosarul cu toate documentele solicitate. \u00cen cazul \u00een care solicitantul nu respect\u0103 termenul de completare, la expirarea acestuia, dosarul va fi clasat automat de c\u0103tre sistemul PCUe.<\/p>\n\n\n\n<p>Documentele de recunoa\u0219tere (certificate\/recomand\u0103ri) vor fi \u00eentocmite la nivelul structurii de specialitate a OAMGMAMR Na\u021bional, iar \u00een termen de 90 de zile de la \u00eenregistrarea dosarului electronic complet, vor fi transmise online solicitan\u00edlor prin PCUe de c\u0103tre filiala jude\u021bean\u0103 a OAMGMAMR la care ace\u0219tia au depus dosarul electronic.<\/p>\n\n\n\n<p><strong>CAI DE ATAC<\/strong><\/p>\n\n\n\n<p>Documentele de recunoa\u0219tere&nbsp; pot fi contestate \u00een termen de 30 de zile de la comunicare la instan\u021bele judec\u0103tore\u0219ti competente.<\/p>\n\n\n\n<p><strong>Date de contact<\/strong><\/p>\n\n\n\n<p>Ordinul Asisten\u021bilor Medicali Generali\u0219ti, Moa\u0219elor \u0219i&nbsp; Asisten\u021bilor Medicali din Rom\u00e2nia- filiala MEHEDIN\u021aI<\/p>\n\n\n\n<p>Dr.Tr.Severin, Bld.Mihai Viteazul nr.5, bl.4,sc.2, ap.8<\/p>\n\n\n\n<p>Telefon<strong>:<strong><mark style=\"background-color:rgba(0, 0, 0, 0);color:#4c21dd\" class=\"has-inline-color\">0741035971<\/mark><\/strong><\/strong><\/p>\n\n\n\n<p>E-mail: <strong>oammr-mh.ro<\/strong><\/p>\n\n\n\n<p><strong>Registru de linkuri<\/strong><\/p>\n\n\n\n<p>Link c\u0103tre prodedura postat\u0103 pe site-ul OAMGMAMR:<\/p>\n\n\n\n<p>Institu\u0163ia responsabil\u0103<\/p>\n\n\n\n<p>Ordinul Asistentilor Medicali Generalisti, Moaselor si Asistentilor Medicali din Romania, filiala MEHEDINTI<\/p>\n\n\n\n<p>Modalitate prestare- Transfrontalier<\/p>\n\n\n\n<p>Timp de solu\u0163ionare 120 zile calendaristice<\/p>\n\n\n\n<p>Termen de arhivare 10 ani<\/p>\n\n\n\n<p>Termen de completare dosar 15 zile calendaristice<\/p>\n\n\n\n<p>Notificare la expirarea termenului de solu\u0163ionare -10 zile calendaristice<\/p>\n\n\n\n<p>Date de contact<\/p>\n\n\n\n<p>Filiala MEHEDIN\u021aI- Ordinul Asisten\u021bilor Medicali Generali\u0219ti, Moa\u0219elor \u0219i&nbsp; Asisten\u021bilor Medicali din Rom\u00e2nia<\/p>\n\n\n\n<p>Str. Bld.Mihai Viteazul nr.5, bl.4,sc.2, ap.8<\/p>\n\n\n\n<p>Telefon: <strong>0741035971<\/strong><\/p>\n\n\n\n<p>Contul IBAN al filialei:<strong>RO63BTRL02601205E32596XX<\/strong> deschis la Banca Transilvania.<\/p>\n\n\n\n<p><\/p>\n","protected":false},"excerpt":{"rendered":"<p>DESCRIERE PROCEDUR\u0102 PENTRU PCUe \u00cen conformitate cu Legea 278\/2015, Ordinul Asisten\u021bilor Medicali Generali\u0219ti, Moa\u0219elor \u0219i Asisten\u021bilor Medicali din Rom\u00e2nia, \u00een calitate de autoritate competent\u0103, \u00eentocme\u0219te \u015fi elibereaz\u0103 documentele (certificate etc.) necesare recunoa\u015fterii \u00een scop profesional a titlurilor rom\u00e2ne\u015fti de calificare &hellip; <a href=\"https:\/\/www.oammr-mh.ro\/?page_id=2032\">Continu\u0103 s\u0103 cite\u0219ti <span class=\"meta-nav\">&rarr;<\/span><\/a><\/p>\n","protected":false},"author":1,"featured_media":0,"parent":0,"menu_order":0,"comment_status":"closed","ping_status":"closed","template":"","meta":{"footnotes":""},"class_list":["post-2032","page","type-page","status-publish","hentry"],"_links":{"self":[{"href":"https:\/\/www.oammr-mh.ro\/index.php?rest_route=\/wp\/v2\/pages\/2032","targetHints":{"allow":["GET"]}}],"collection":[{"href":"https:\/\/www.oammr-mh.ro\/index.php?rest_route=\/wp\/v2\/pages"}],"about":[{"href":"https:\/\/www.oammr-mh.ro\/index.php?rest_route=\/wp\/v2\/types\/page"}],"author":[{"embeddable":true,"href":"https:\/\/www.oammr-mh.ro\/index.php?rest_route=\/wp\/v2\/users\/1"}],"replies":[{"embeddable":true,"href":"https:\/\/www.oammr-mh.ro\/index.php?rest_route=%2Fwp%2Fv2%2Fcomments&post=2032"}],"version-history":[{"count":14,"href":"https:\/\/www.oammr-mh.ro\/index.php?rest_route=\/wp\/v2\/pages\/2032\/revisions"}],"predecessor-version":[{"id":2074,"href":"https:\/\/www.oammr-mh.ro\/index.php?rest_route=\/wp\/v2\/pages\/2032\/revisions\/2074"}],"wp:attachment":[{"href":"https:\/\/www.oammr-mh.ro\/index.php?rest_route=%2Fwp%2Fv2%2Fmedia&parent=2032"}],"curies":[{"name":"wp","href":"https:\/\/api.w.org\/{rel}","templated":true}]}}